{"id":95,"date":"2026-03-02T09:52:06","date_gmt":"2026-03-02T09:52:06","guid":{"rendered":"https:\/\/testinci.ci\/wp67\/home\/"},"modified":"2026-03-02T09:52:06","modified_gmt":"2026-03-02T09:52:06","slug":"home","status":"publish","type":"page","link":"https:\/\/testinci.ci\/wp67\/","title":{"rendered":"Home"},"content":{"rendered":"\n\n\n\n\n\n\n<h2>\u00c0 Propos de INCI<\/h2>\n\n<p>Nous sommes passionn\u00e9s par la cr\u00e9ation de solutions innovantes qui r\u00e9pondent aux d\u00e9fis d\u2019aujourd\u2019hui tout en anticipant ceux de demain.<\/h2>\n\n\n\n\n\n\n\n\n\n\n\n\n\n\n\n\n\n\n\n\n\n\n\n\n<h2> Services de la page<\/h2>\n\n<p>Un aper\u00e7u de notre gamme compl\u00e8te de services.<\/h2>\n\n\n\n\n\n\n\n<h4>T\u00e9moignages de Nos Clients<\/h4>\n<h2> Ce que Nos Clients Disent de Nous<\/h2>\n\n\n<p style=\"font-weight: 600\"><em>\u00ab\u00a0INCI a transform\u00e9 notre entreprise avec leurs solutions innovantes, et leur support est in\u00e9gal\u00e9 !\u00a0\u00bb<\/em><\/p>\n<p style=\"font-weight: 600\"><em>\u00ab\u00a0Une \u00e9quipe d\u00e9vou\u00e9e qui comprend nos besoins et nous aide \u00e0 chaque \u00e9tape.\u00a0\u00bb<\/em><\/p>\n<p style=\"font-weight: 600\"><em>\u00ab\u00a0Gr\u00e2ce \u00e0 INCI, nous avons atteint nos objectifs de croissance plus rapidement que pr\u00e9vu.\u00a0\u00bb<\/em><\/p>\n\n\n\n\n\n\n<h2>Notre \u00c9quipe<\/h2>\n\n\n\n\n\n\n\n\n\n\n","protected":false},"excerpt":{"rendered":"","protected":false},"author":1,"featured_media":0,"parent":0,"menu_order":0,"comment_status":"closed","ping_status":"closed","template":"","meta":{"pagelayer_contact_templates":[],"_pagelayer_content":"","footnotes":""},"class_list":["post-95","page","type-page","status-publish"],"_links":{"self":[{"href":"https:\/\/testinci.ci\/wp67\/wp-json\/wp\/v2\/pages\/95","targetHints":{"allow":["GET"]}}],"collection":[{"href":"https:\/\/testinci.ci\/wp67\/wp-json\/wp\/v2\/pages"}],"about":[{"href":"https:\/\/testinci.ci\/wp67\/wp-json\/wp\/v2\/types\/page"}],"author":[{"embeddable":true,"href":"https:\/\/testinci.ci\/wp67\/wp-json\/wp\/v2\/users\/1"}],"replies":[{"embeddable":true,"href":"https:\/\/testinci.ci\/wp67\/wp-json\/wp\/v2\/comments?post=95"}],"version-history":[{"count":1,"href":"https:\/\/testinci.ci\/wp67\/wp-json\/wp\/v2\/pages\/95\/revisions"}],"predecessor-version":[{"id":109,"href":"https:\/\/testinci.ci\/wp67\/wp-json\/wp\/v2\/pages\/95\/revisions\/109"}],"wp:attachment":[{"href":"https:\/\/testinci.ci\/wp67\/wp-json\/wp\/v2\/media?parent=95"}],"curies":[{"name":"wp","href":"https:\/\/api.w.org\/{rel}","templated":true}]}}