{"id":94,"date":"2026-03-02T09:52:06","date_gmt":"2026-03-02T09:52:06","guid":{"rendered":"https:\/\/testinci.ci\/wp67\/events\/"},"modified":"2026-03-02T09:52:06","modified_gmt":"2026-03-02T09:52:06","slug":"events","status":"publish","type":"page","link":"https:\/\/testinci.ci\/wp67\/events\/","title":{"rendered":"Events"},"content":{"rendered":"\n\n\n\n<h2>Nos Services<\/h2>\n\n<p>Explorez notre gamme de services adapt\u00e9s pour am\u00e9liorer votre efficacit\u00e9 et performance.\n<\/h2>\n\n\n\n\n<p>Ce service comprend une analyse approfondie de vos besoins sp\u00e9cifiques et un plan d&rsquo;action sur mesure.<\/p>\n\n\n<p> Nous concevons des produits innovants qui r\u00e9pondent aux exigences du march\u00e9 moderne.<\/p>\n\n\n<p> Offrant des formations compl\u00e8tes pour aider votre \u00e9quipe \u00e0 tirer le meilleur parti de nos solutions.<\/p>\n\n\n\n\n\n\n\n\n\n\n\n\n\n\n\n\n\n\n\n\n\n\n\n<h2>Notre Valeur Ajout\u00e9e<\/h2>\n\n\n\n\n","protected":false},"excerpt":{"rendered":"","protected":false},"author":1,"featured_media":0,"parent":0,"menu_order":0,"comment_status":"closed","ping_status":"closed","template":"","meta":{"pagelayer_contact_templates":[],"_pagelayer_content":"","footnotes":""},"class_list":["post-94","page","type-page","status-publish"],"_links":{"self":[{"href":"https:\/\/testinci.ci\/wp67\/wp-json\/wp\/v2\/pages\/94","targetHints":{"allow":["GET"]}}],"collection":[{"href":"https:\/\/testinci.ci\/wp67\/wp-json\/wp\/v2\/pages"}],"about":[{"href":"https:\/\/testinci.ci\/wp67\/wp-json\/wp\/v2\/types\/page"}],"author":[{"embeddable":true,"href":"https:\/\/testinci.ci\/wp67\/wp-json\/wp\/v2\/users\/1"}],"replies":[{"embeddable":true,"href":"https:\/\/testinci.ci\/wp67\/wp-json\/wp\/v2\/comments?post=94"}],"version-history":[{"count":0,"href":"https:\/\/testinci.ci\/wp67\/wp-json\/wp\/v2\/pages\/94\/revisions"}],"wp:attachment":[{"href":"https:\/\/testinci.ci\/wp67\/wp-json\/wp\/v2\/media?parent=94"}],"curies":[{"name":"wp","href":"https:\/\/api.w.org\/{rel}","templated":true}]}}