{"id":92,"date":"2026-03-02T09:52:06","date_gmt":"2026-03-02T09:52:06","guid":{"rendered":"https:\/\/testinci.ci\/wp67\/about-us\/"},"modified":"2026-03-02T09:52:06","modified_gmt":"2026-03-02T09:52:06","slug":"about-us","status":"publish","type":"page","link":"https:\/\/testinci.ci\/wp67\/about-us\/","title":{"rendered":"About us"},"content":{"rendered":"\n\n\n<h4>\u00c0 Propos de Nous<\/h4>\n<h2>\u00c0 Propos de INCI<\/h2>\n\n<p>D\u00e9couvrez qui nous sommes, notre mission, et ce qui nous motive.<\/h2>\n\n\n\n\n<p>Nous sommes passionn\u00e9s par la cr\u00e9ation de solutions innovantes qui r\u00e9pondent aux d\u00e9fis d\u2019aujourd\u2019hui tout en anticipant ceux de demain.<\/p>\n\n\n\n<p>Analyse approfondie de votre entreprise et de ses besoins.<\/h2>\n\n\n\n<p>Cr\u00e9ation de solutions personnalis\u00e9es en fonction de nos d\u00e9couvertes.<\/h2>\n\n\n\n\n\n\n\n\n\n\n\n\n\n\n\n<h2>Services de la page<\/h2>\n\n<p>Explorez notre gamme de services adapt\u00e9s pour am\u00e9liorer votre efficacit\u00e9 et performance.<\/h2>\n\n\n\n\n\n\n\n\n<h2>Notre \u00c9quipe<\/h2>\n\n<p>Rencontrez les esprits brillants derri\u00e8re INCI.<\/h2>\n\n\n\n\n\n<p>M. Dupont<\/p>\n<p>Mme Lefevre<\/p>\n<p>M. Martin<\/p>\n<p>Mme Moreau<\/p>\n<p>M. Bernard<\/p>\n<p>Mme Dubois<\/p>\n\n\n\n\n<p>Innovation Continue<\/p>\n<p>Service Client D\u00e9di\u00e9<\/p>\n<p>Approche Personnalis\u00e9e<\/p>\n<p>Partenariats Strat\u00e9giques<\/p>\n<p>\u00c9valuation de Performance<\/p>\n<p>Flexibilit\u00e9 et Adaptabilit\u00e9<\/p>\n\n\n\n\n<p>Consultation Personnalis\u00e9e<\/p>\n<p>D\u00e9veloppement de Produit<\/p>\n<p>Formation et Support<\/p>\n<p>Services de Maintenance<\/p>\n<p>Solutions Technologiques<\/p>\n<p>Analyse de Donn\u00e9es<\/p>\n\n\n\n\n<p>Acc\u00e8s \u00e0 des outils exclusifs<\/p>\n<p>Support d\u00e9di\u00e9<\/p>\n<p>Mises \u00e0 jour r\u00e9guli\u00e8res<\/p>\n<p>Formation incluse<\/p>\n<p>Analyse de march\u00e9<\/p>\n<p>Consultation gratuite<\/p>\n\n\n","protected":false},"excerpt":{"rendered":"","protected":false},"author":1,"featured_media":0,"parent":0,"menu_order":0,"comment_status":"closed","ping_status":"closed","template":"","meta":{"pagelayer_contact_templates":[],"_pagelayer_content":"","footnotes":""},"class_list":["post-92","page","type-page","status-publish"],"_links":{"self":[{"href":"https:\/\/testinci.ci\/wp67\/wp-json\/wp\/v2\/pages\/92","targetHints":{"allow":["GET"]}}],"collection":[{"href":"https:\/\/testinci.ci\/wp67\/wp-json\/wp\/v2\/pages"}],"about":[{"href":"https:\/\/testinci.ci\/wp67\/wp-json\/wp\/v2\/types\/page"}],"author":[{"embeddable":true,"href":"https:\/\/testinci.ci\/wp67\/wp-json\/wp\/v2\/users\/1"}],"replies":[{"embeddable":true,"href":"https:\/\/testinci.ci\/wp67\/wp-json\/wp\/v2\/comments?post=92"}],"version-history":[{"count":0,"href":"https:\/\/testinci.ci\/wp67\/wp-json\/wp\/v2\/pages\/92\/revisions"}],"wp:attachment":[{"href":"https:\/\/testinci.ci\/wp67\/wp-json\/wp\/v2\/media?parent=92"}],"curies":[{"name":"wp","href":"https:\/\/api.w.org\/{rel}","templated":true}]}}